{"id":2083,"date":"2024-05-27T16:58:01","date_gmt":"2024-05-27T16:58:01","guid":{"rendered":"https:\/\/loc.bitcoinmatrix.co\/contact-us\/"},"modified":"2024-07-10T09:29:36","modified_gmt":"2024-07-10T09:29:36","slug":"contact-us","status":"publish","type":"page","link":"https:\/\/bitcoinmatrix.co\/cs\/contact-us\/","title":{"rendered":"Kontaktujte n\u00e1s"},"content":{"rendered":"<div>\n<h1>Kontaktovat spole\u010dnost Bitcoin Matrix<\/h1>\n<p>A\u0165 u\u017e m\u00e1te dotazy, pot\u0159ebujete pomoc nebo chcete poskytnout zp\u011btnou vazbu, n\u00e1\u0161 t\u00fdm je v\u00e1m k dispozici. Pro kontakt s n\u00e1mi pou\u017eijte n\u00ed\u017ee uveden\u00e9 informace.<\/p>\n<\/div>\n<div>\n<h4>Po\u0161tovn\u00ed adresa<\/h4>\n<p>C\/ de C\u00f2rsega, 284, 1 Pis,<br \/>\nEixample, 08008<br \/>\nBarcelona,<br \/>\n\u0160pan\u011blsko<\/p>\n<h4>Obchodn\u00ed dotazy<\/h4>\n<p>V p\u0159\u00edpad\u011b partnersk\u00fdch p\u0159\u00edle\u017eitost\u00ed, dotaz\u016f na m\u00e9dia nebo jin\u00fdch obchodn\u00edch z\u00e1le\u017eitost\u00ed n\u00e1s pros\u00edm kontaktujte na adrese:<br \/>\n<a href=\"mailto:business@bitcoinmatrix.co\">business@bitcoinmatrix.co<\/a><\/p>\n<h4>E-mailov\u00e1 podpora<\/h4>\n<p>V p\u0159\u00edpad\u011b jak\u00fdchkoli dotaz\u016f nebo \u017e\u00e1dost\u00ed o podporu n\u00e1s pros\u00edm kontaktujte e-mailem na adrese:<br \/>\n<a href=\"mailto:support@bitcoinmatrix.co\">support@bitcoinmatrix.co<\/a><\/p>\n<\/div>\n","protected":false},"excerpt":{"rendered":"<p>Kontaktovat spole\u010dnost A\u0165 u\u017e m\u00e1te dotazy, pot\u0159ebujete pomoc nebo chcete poskytnout zp\u011btnou vazbu, n\u00e1\u0161 t\u00fdm je v\u00e1m k dispozici. Pro kontakt s n\u00e1mi pou\u017eijte n\u00ed\u017ee uveden\u00e9 informace. Po\u0161tovn\u00ed adresa C\/ de C\u00f2rsega, 284, 1 Pis, Eixample, 08008 Barcelona, \u0160pan\u011blsko Obchodn\u00ed dotazy V p\u0159\u00edpad\u011b partnersk\u00fdch p\u0159\u00edle\u017eitost\u00ed, dotaz\u016f na m\u00e9dia nebo jin\u00fdch obchodn\u00edch z\u00e1le\u017eitost\u00ed n\u00e1s pros\u00edm kontaktujte [&hellip;]<\/p>\n","protected":false},"author":2,"featured_media":0,"parent":0,"menu_order":0,"comment_status":"closed","ping_status":"closed","template":"page-contact.php","meta":{"footnotes":""},"class_list":["post-2083","page","type-page","status-publish","hentry"],"yoast_head":"<!-- This site is optimized with the Yoast SEO plugin v23.2 - https:\/\/yoast.com\/wordpress\/plugins\/seo\/ -->\n<title>Bitcoin Matrix \u2122 | Offici\u00eble website 2026 | Claim nu!<\/title>\n<meta name=\"robots\" content=\"index, follow, max-snippet:-1, max-image-preview:large, max-video-preview:-1\" \/>\n<meta property=\"og:locale\" content=\"cs_CZ\" \/>\n<meta property=\"og:site_name\" content=\"Bitcoin Matrix\" \/>\n<meta property=\"article:modified_time\" content=\"2024-07-10T09:29:36+00:00\" \/>\n<meta name=\"twitter:card\" content=\"summary_large_image\" \/>\n<meta name=\"twitter:label1\" content=\"Odhadovan\u00e1 doba \u010dten\u00ed\" \/>\n\t<meta name=\"twitter:data1\" content=\"1 minuta\" \/>\n<!-- \/ Yoast SEO plugin. -->","yoast_head_json":{"title":"Bitcoin Matrix \u2122 | Offici\u00eble website 2026 | Claim nu!","robots":{"index":"index","follow":"follow","max-snippet":"max-snippet:-1","max-image-preview":"max-image-preview:large","max-video-preview":"max-video-preview:-1"},"og_locale":"cs_CZ","og_site_name":"Bitcoin Matrix","article_modified_time":"2024-07-10T09:29:36+00:00","twitter_card":"summary_large_image","twitter_misc":{"Odhadovan\u00e1 doba \u010dten\u00ed":"1 minuta"},"schema":{"@context":"https:\/\/schema.org","@graph":[{"@type":"WebPage","@id":"https:\/\/bitcoinmatrix.co\/contact-us\/","url":"https:\/\/bitcoinmatrix.co\/contact-us\/","name":"Kontaktujte n\u00e1s - Bitcoin Matrix","isPartOf":{"@id":"https:\/\/bitcoinmatrix.co\/#website"},"datePublished":"2024-05-27T16:58:01+00:00","dateModified":"2024-07-10T09:29:36+00:00","breadcrumb":{"@id":"https:\/\/bitcoinmatrix.co\/contact-us\/#breadcrumb"},"inLanguage":"cs","potentialAction":[{"@type":"ReadAction","target":["https:\/\/bitcoinmatrix.co\/contact-us\/"]}]},{"@type":"BreadcrumbList","@id":"https:\/\/bitcoinmatrix.co\/contact-us\/#breadcrumb","itemListElement":[{"@type":"ListItem","position":1,"name":"Home","item":"https:\/\/bitcoinmatrix.co\/"},{"@type":"ListItem","position":2,"name":"Kontaktujte n\u00e1s"}]},{"@type":"WebSite","@id":"https:\/\/bitcoinmatrix.co\/#website","url":"https:\/\/bitcoinmatrix.co\/","name":"Bitcoin Matrix","description":"","potentialAction":[{"@type":"SearchAction","target":{"@type":"EntryPoint","urlTemplate":"https:\/\/bitcoinmatrix.co\/?s={search_term_string}"},"query-input":"required name=search_term_string"}],"inLanguage":"cs"}]}},"_links":{"self":[{"href":"https:\/\/bitcoinmatrix.co\/cs\/wp-json\/wp\/v2\/pages\/2083","targetHints":{"allow":["GET"]}}],"collection":[{"href":"https:\/\/bitcoinmatrix.co\/cs\/wp-json\/wp\/v2\/pages"}],"about":[{"href":"https:\/\/bitcoinmatrix.co\/cs\/wp-json\/wp\/v2\/types\/page"}],"author":[{"embeddable":true,"href":"https:\/\/bitcoinmatrix.co\/cs\/wp-json\/wp\/v2\/users\/2"}],"replies":[{"embeddable":true,"href":"https:\/\/bitcoinmatrix.co\/cs\/wp-json\/wp\/v2\/comments?post=2083"}],"version-history":[{"count":7,"href":"https:\/\/bitcoinmatrix.co\/cs\/wp-json\/wp\/v2\/pages\/2083\/revisions"}],"predecessor-version":[{"id":3102,"href":"https:\/\/bitcoinmatrix.co\/cs\/wp-json\/wp\/v2\/pages\/2083\/revisions\/3102"}],"wp:attachment":[{"href":"https:\/\/bitcoinmatrix.co\/cs\/wp-json\/wp\/v2\/media?parent=2083"}],"curies":[{"name":"wp","href":"https:\/\/api.w.org\/{rel}","templated":true}]}}