{"id":2088,"date":"2024-05-27T16:58:01","date_gmt":"2024-05-27T16:58:01","guid":{"rendered":"https:\/\/loc.bitcoinmatrix.co\/contact-us\/"},"modified":"2024-07-10T09:29:39","modified_gmt":"2024-07-10T09:29:39","slug":"contact-us","status":"publish","type":"page","link":"https:\/\/bitcoinmatrix.co\/de\/contact-us\/","title":{"rendered":"Kontakt"},"content":{"rendered":"<div>\n<h1>Kontakt zu Bitcoin Matrix<\/h1>\n<p>Ganz gleich, ob Sie Fragen haben, Unterst\u00fctzung ben\u00f6tigen oder uns Ihr Feedback geben m\u00f6chten, unser Team ist f\u00fcr Sie da. Bitte verwenden Sie die unten stehenden Informationen, um mit uns in Kontakt zu treten.<\/p>\n<\/div>\n<div>\n<h4>Postanschrift<\/h4>\n<p>C\/ de C\u00f2rsega, 284, 1 Pis,<br \/>\nEixample, 08008<br \/>\nBarcelona,<br \/>\nSpanien<\/p>\n<h4>Gesch\u00e4ftliche Anfragen<\/h4>\n<p>F\u00fcr Partnerschaftsm\u00f6glichkeiten, Medienanfragen oder andere gesch\u00e4ftsbezogene Angelegenheiten kontaktieren Sie uns bitte unter:<br \/>\n<a href=\"mailto:business@bitcoinmatrix.co\">business@bitcoinmatrix.co<\/a><\/p>\n<h4>E-Mail-Unterst\u00fctzung<\/h4>\n<p>F\u00fcr alle Anfragen oder Support-Anfragen senden Sie uns bitte eine E-Mail an:<br \/>\n<a href=\"mailto:support@bitcoinmatrix.co\">support@bitcoinmatrix.co<\/a><\/p>\n<\/div>\n","protected":false},"excerpt":{"rendered":"<p>Kontakt zu Ganz gleich, ob Sie Fragen haben, Unterst\u00fctzung ben\u00f6tigen oder uns Ihr Feedback geben m\u00f6chten, unser Team ist f\u00fcr Sie da. Bitte verwenden Sie die unten stehenden Informationen, um mit uns in Kontakt zu treten. Postanschrift C\/ de C\u00f2rsega, 284, 1 Pis, Eixample, 08008 Barcelona, Spanien Gesch\u00e4ftliche Anfragen F\u00fcr Partnerschaftsm\u00f6glichkeiten, Medienanfragen oder andere gesch\u00e4ftsbezogene [&hellip;]<\/p>\n","protected":false},"author":2,"featured_media":0,"parent":0,"menu_order":0,"comment_status":"closed","ping_status":"closed","template":"page-contact.php","meta":{"footnotes":""},"class_list":["post-2088","page","type-page","status-publish","hentry"],"yoast_head":"<!-- This site is optimized with the Yoast SEO plugin v23.2 - https:\/\/yoast.com\/wordpress\/plugins\/seo\/ -->\n<title>Bitcoin Matrix \u2122 | Offizielle Website 2026 | Beanspruche jetzt!<\/title>\n<meta name=\"robots\" content=\"index, follow, max-snippet:-1, max-image-preview:large, max-video-preview:-1\" \/>\n<meta property=\"og:locale\" content=\"de_DE\" \/>\n<meta property=\"og:site_name\" content=\"Bitcoin Matrix\" \/>\n<meta property=\"article:modified_time\" content=\"2024-07-10T09:29:39+00:00\" \/>\n<meta name=\"twitter:card\" content=\"summary_large_image\" \/>\n<meta name=\"twitter:label1\" content=\"Gesch\u00e4tzte Lesezeit\" \/>\n\t<meta name=\"twitter:data1\" content=\"1\u00a0Minute\" \/>\n<!-- \/ Yoast SEO plugin. -->","yoast_head_json":{"title":"Bitcoin Matrix \u2122 | Offizielle Website 2026 | Beanspruche jetzt!","robots":{"index":"index","follow":"follow","max-snippet":"max-snippet:-1","max-image-preview":"max-image-preview:large","max-video-preview":"max-video-preview:-1"},"og_locale":"de_DE","og_site_name":"Bitcoin Matrix","article_modified_time":"2024-07-10T09:29:39+00:00","twitter_card":"summary_large_image","twitter_misc":{"Gesch\u00e4tzte Lesezeit":"1\u00a0Minute"},"schema":{"@context":"https:\/\/schema.org","@graph":[{"@type":"WebPage","@id":"https:\/\/bitcoinmatrix.co\/contact-us\/","url":"https:\/\/bitcoinmatrix.co\/contact-us\/","name":"Kontakt - Bitcoin Matrix","isPartOf":{"@id":"https:\/\/bitcoinmatrix.co\/#website"},"datePublished":"2024-05-27T16:58:01+00:00","dateModified":"2024-07-10T09:29:39+00:00","breadcrumb":{"@id":"https:\/\/bitcoinmatrix.co\/contact-us\/#breadcrumb"},"inLanguage":"de","potentialAction":[{"@type":"ReadAction","target":["https:\/\/bitcoinmatrix.co\/contact-us\/"]}]},{"@type":"BreadcrumbList","@id":"https:\/\/bitcoinmatrix.co\/contact-us\/#breadcrumb","itemListElement":[{"@type":"ListItem","position":1,"name":"Home","item":"https:\/\/bitcoinmatrix.co\/"},{"@type":"ListItem","position":2,"name":"Kontakt"}]},{"@type":"WebSite","@id":"https:\/\/bitcoinmatrix.co\/#website","url":"https:\/\/bitcoinmatrix.co\/","name":"Bitcoin Matrix","description":"","potentialAction":[{"@type":"SearchAction","target":{"@type":"EntryPoint","urlTemplate":"https:\/\/bitcoinmatrix.co\/?s={search_term_string}"},"query-input":"required name=search_term_string"}],"inLanguage":"de"}]}},"_links":{"self":[{"href":"https:\/\/bitcoinmatrix.co\/de\/wp-json\/wp\/v2\/pages\/2088","targetHints":{"allow":["GET"]}}],"collection":[{"href":"https:\/\/bitcoinmatrix.co\/de\/wp-json\/wp\/v2\/pages"}],"about":[{"href":"https:\/\/bitcoinmatrix.co\/de\/wp-json\/wp\/v2\/types\/page"}],"author":[{"embeddable":true,"href":"https:\/\/bitcoinmatrix.co\/de\/wp-json\/wp\/v2\/users\/2"}],"replies":[{"embeddable":true,"href":"https:\/\/bitcoinmatrix.co\/de\/wp-json\/wp\/v2\/comments?post=2088"}],"version-history":[{"count":6,"href":"https:\/\/bitcoinmatrix.co\/de\/wp-json\/wp\/v2\/pages\/2088\/revisions"}],"predecessor-version":[{"id":3107,"href":"https:\/\/bitcoinmatrix.co\/de\/wp-json\/wp\/v2\/pages\/2088\/revisions\/3107"}],"wp:attachment":[{"href":"https:\/\/bitcoinmatrix.co\/de\/wp-json\/wp\/v2\/media?parent=2088"}],"curies":[{"name":"wp","href":"https:\/\/api.w.org\/{rel}","templated":true}]}}