{"id":2092,"date":"2024-05-27T16:58:01","date_gmt":"2024-05-27T16:58:01","guid":{"rendered":"https:\/\/loc.bitcoinmatrix.co\/contact-us\/"},"modified":"2024-07-10T09:29:42","modified_gmt":"2024-07-10T09:29:42","slug":"contact-us","status":"publish","type":"page","link":"https:\/\/bitcoinmatrix.co\/es\/contact-us\/","title":{"rendered":"Contacte con nosotros"},"content":{"rendered":"<div>\n<h1>Contactar con Bitcoin Matrix<\/h1>\n<p>Si tiene preguntas, necesita ayuda o desea hacernos llegar sus comentarios, nuestro equipo est\u00e1 aqu\u00ed para ayudarle. Utilice la siguiente informaci\u00f3n para ponerse en contacto con nosotros.<\/p>\n<\/div>\n<div>\n<h4>Direcci\u00f3n postal<\/h4>\n<p>C\/ de C\u00f2rsega, 284, 1 Pis,<br \/>\nEixample, 08008<br \/>\nBarcelona,<br \/>\nEspa\u00f1a<\/p>\n<h4>Consultas comerciales<\/h4>\n<p>Para oportunidades de asociaci\u00f3n, consultas de los medios de comunicaci\u00f3n u otros asuntos relacionados con la empresa, p\u00f3ngase en contacto con nosotros en:<br \/>\n<a href=\"mailto:business@bitcoinmatrix.co\">business@bitcoinmatrix.co<\/a><\/p>\n<h4>Asistencia por correo electr\u00f3nico<\/h4>\n<p>Para cualquier consulta o solicitud de asistencia, env\u00edenos un correo electr\u00f3nico a:<br \/>\n<a href=\"mailto:support@bitcoinmatrix.co\">support@bitcoinmatrix.co<\/a><\/p>\n<\/div>\n","protected":false},"excerpt":{"rendered":"<p>Contactar con Si tiene preguntas, necesita ayuda o desea hacernos llegar sus comentarios, nuestro equipo est\u00e1 aqu\u00ed para ayudarle. Utilice la siguiente informaci\u00f3n para ponerse en contacto con nosotros. Direcci\u00f3n postal C\/ de C\u00f2rsega, 284, 1 Pis, Eixample, 08008 Barcelona, Espa\u00f1a Consultas comerciales Para oportunidades de asociaci\u00f3n, consultas de los medios de comunicaci\u00f3n u otros [&hellip;]<\/p>\n","protected":false},"author":2,"featured_media":0,"parent":0,"menu_order":0,"comment_status":"closed","ping_status":"closed","template":"page-contact.php","meta":{"footnotes":""},"class_list":["post-2092","page","type-page","status-publish","hentry"],"yoast_head":"<!-- This site is optimized with the Yoast SEO plugin v23.2 - https:\/\/yoast.com\/wordpress\/plugins\/seo\/ -->\n<title>Bitcoin Matrix \u2122 | Offici\u00eble website 2026 | Claim nu!<\/title>\n<meta name=\"robots\" content=\"index, follow, max-snippet:-1, max-image-preview:large, max-video-preview:-1\" \/>\n<meta property=\"og:locale\" content=\"es_ES\" \/>\n<meta property=\"og:site_name\" content=\"Bitcoin Matrix\" \/>\n<meta property=\"article:modified_time\" content=\"2024-07-10T09:29:42+00:00\" \/>\n<meta name=\"twitter:card\" content=\"summary_large_image\" \/>\n<meta name=\"twitter:label1\" content=\"Tiempo de lectura\" \/>\n\t<meta name=\"twitter:data1\" content=\"1 minuto\" \/>\n<!-- \/ Yoast SEO plugin. -->","yoast_head_json":{"title":"Bitcoin Matrix \u2122 | Offici\u00eble website 2026 | Claim nu!","robots":{"index":"index","follow":"follow","max-snippet":"max-snippet:-1","max-image-preview":"max-image-preview:large","max-video-preview":"max-video-preview:-1"},"og_locale":"es_ES","og_site_name":"Bitcoin Matrix","article_modified_time":"2024-07-10T09:29:42+00:00","twitter_card":"summary_large_image","twitter_misc":{"Tiempo de lectura":"1 minuto"},"schema":{"@context":"https:\/\/schema.org","@graph":[{"@type":"WebPage","@id":"https:\/\/bitcoinmatrix.co\/contact-us\/","url":"https:\/\/bitcoinmatrix.co\/contact-us\/","name":"Contacte con nosotros - Bitcoin Matrix","isPartOf":{"@id":"https:\/\/bitcoinmatrix.co\/#website"},"datePublished":"2024-05-27T16:58:01+00:00","dateModified":"2024-07-10T09:29:42+00:00","breadcrumb":{"@id":"https:\/\/bitcoinmatrix.co\/contact-us\/#breadcrumb"},"inLanguage":"es","potentialAction":[{"@type":"ReadAction","target":["https:\/\/bitcoinmatrix.co\/contact-us\/"]}]},{"@type":"BreadcrumbList","@id":"https:\/\/bitcoinmatrix.co\/contact-us\/#breadcrumb","itemListElement":[{"@type":"ListItem","position":1,"name":"Home","item":"https:\/\/bitcoinmatrix.co\/"},{"@type":"ListItem","position":2,"name":"Contacte con nosotros"}]},{"@type":"WebSite","@id":"https:\/\/bitcoinmatrix.co\/#website","url":"https:\/\/bitcoinmatrix.co\/","name":"Bitcoin Matrix","description":"","potentialAction":[{"@type":"SearchAction","target":{"@type":"EntryPoint","urlTemplate":"https:\/\/bitcoinmatrix.co\/?s={search_term_string}"},"query-input":"required name=search_term_string"}],"inLanguage":"es"}]}},"_links":{"self":[{"href":"https:\/\/bitcoinmatrix.co\/es\/wp-json\/wp\/v2\/pages\/2092","targetHints":{"allow":["GET"]}}],"collection":[{"href":"https:\/\/bitcoinmatrix.co\/es\/wp-json\/wp\/v2\/pages"}],"about":[{"href":"https:\/\/bitcoinmatrix.co\/es\/wp-json\/wp\/v2\/types\/page"}],"author":[{"embeddable":true,"href":"https:\/\/bitcoinmatrix.co\/es\/wp-json\/wp\/v2\/users\/2"}],"replies":[{"embeddable":true,"href":"https:\/\/bitcoinmatrix.co\/es\/wp-json\/wp\/v2\/comments?post=2092"}],"version-history":[{"count":6,"href":"https:\/\/bitcoinmatrix.co\/es\/wp-json\/wp\/v2\/pages\/2092\/revisions"}],"predecessor-version":[{"id":3111,"href":"https:\/\/bitcoinmatrix.co\/es\/wp-json\/wp\/v2\/pages\/2092\/revisions\/3111"}],"wp:attachment":[{"href":"https:\/\/bitcoinmatrix.co\/es\/wp-json\/wp\/v2\/media?parent=2092"}],"curies":[{"name":"wp","href":"https:\/\/api.w.org\/{rel}","templated":true}]}}