{"id":2094,"date":"2024-05-27T16:58:01","date_gmt":"2024-05-27T16:58:01","guid":{"rendered":"https:\/\/loc.bitcoinmatrix.co\/contact-us\/"},"modified":"2024-07-10T09:29:44","modified_gmt":"2024-07-10T09:29:44","slug":"contact-us","status":"publish","type":"page","link":"https:\/\/bitcoinmatrix.co\/tr\/contact-us\/","title":{"rendered":"Bize Ula\u015f\u0131n"},"content":{"rendered":"<div>\n<h1>Bitcoin Matrix ile ileti\u015fime ge\u00e7in<\/h1>\n<p>Sorular\u0131n\u0131z oldu\u011funda, yard\u0131ma ihtiya\u00e7 duydu\u011funuzda veya geri bildirimde bulunmak istedi\u011finizde ekibimiz size yard\u0131mc\u0131 olmak i\u00e7in burada. Bizimle ileti\u015fime ge\u00e7mek i\u00e7in l\u00fctfen a\u015fa\u011f\u0131daki bilgileri kullan\u0131n.<\/p>\n<\/div>\n<div>\n<h4>Posta Adresi<\/h4>\n<p>C\/ de C\u00f2rsega, 284, 1 Pis,<br \/>\nEixample, 08008<br \/>\nBarcelona,<br \/>\n\u0130spanya<\/p>\n<h4>Ticari Sorular<\/h4>\n<p>Ortakl\u0131k f\u0131rsatlar\u0131, medya sorular\u0131 veya i\u015fle ilgili di\u011fer konular i\u00e7in l\u00fctfen bizimle ileti\u015fime ge\u00e7in:<br \/>\n<a href=\"mailto:business@bitcoinmatrix.co\">business@bitcoinmatrix.co<\/a><\/p>\n<h4>E-posta Deste\u011fi<\/h4>\n<p>Sorular\u0131n\u0131z veya destek talepleriniz i\u00e7in l\u00fctfen bize e-posta g\u00f6nderin:<br \/>\n<a href=\"mailto:support@bitcoinmatrix.co\">support@bitcoinmatrix.co<\/a><\/p>\n<\/div>\n","protected":false},"excerpt":{"rendered":"<p>ile ileti\u015fime ge\u00e7in Sorular\u0131n\u0131z oldu\u011funda, yard\u0131ma ihtiya\u00e7 duydu\u011funuzda veya geri bildirimde bulunmak istedi\u011finizde ekibimiz size yard\u0131mc\u0131 olmak i\u00e7in burada. Bizimle ileti\u015fime ge\u00e7mek i\u00e7in l\u00fctfen a\u015fa\u011f\u0131daki bilgileri kullan\u0131n. Posta Adresi C\/ de C\u00f2rsega, 284, 1 Pis, Eixample, 08008 Barcelona, \u0130spanya Ticari Sorular Ortakl\u0131k f\u0131rsatlar\u0131, medya sorular\u0131 veya i\u015fle ilgili di\u011fer konular i\u00e7in l\u00fctfen bizimle ileti\u015fime ge\u00e7in: [&hellip;]<\/p>\n","protected":false},"author":2,"featured_media":0,"parent":0,"menu_order":0,"comment_status":"closed","ping_status":"closed","template":"page-contact.php","meta":{"footnotes":""},"class_list":["post-2094","page","type-page","status-publish","hentry"],"yoast_head":"<!-- This site is optimized with the Yoast SEO plugin v23.2 - https:\/\/yoast.com\/wordpress\/plugins\/seo\/ -->\n<title>Bitcoin Matrix \u2122 | Offici\u00eble website 2026 | Claim nu!<\/title>\n<meta name=\"robots\" content=\"index, follow, max-snippet:-1, max-image-preview:large, max-video-preview:-1\" \/>\n<meta property=\"og:locale\" content=\"tr_TR\" \/>\n<meta property=\"og:site_name\" content=\"Bitcoin Matrix\" \/>\n<meta property=\"article:modified_time\" content=\"2024-07-10T09:29:44+00:00\" \/>\n<meta name=\"twitter:card\" content=\"summary_large_image\" \/>\n<meta name=\"twitter:label1\" content=\"Tahmini okuma s\u00fcresi\" \/>\n\t<meta name=\"twitter:data1\" content=\"1 dakika\" \/>\n<!-- \/ Yoast SEO plugin. -->","yoast_head_json":{"title":"Bitcoin Matrix \u2122 | Offici\u00eble website 2026 | Claim nu!","robots":{"index":"index","follow":"follow","max-snippet":"max-snippet:-1","max-image-preview":"max-image-preview:large","max-video-preview":"max-video-preview:-1"},"og_locale":"tr_TR","og_site_name":"Bitcoin Matrix","article_modified_time":"2024-07-10T09:29:44+00:00","twitter_card":"summary_large_image","twitter_misc":{"Tahmini okuma s\u00fcresi":"1 dakika"},"schema":{"@context":"https:\/\/schema.org","@graph":[{"@type":"WebPage","@id":"https:\/\/bitcoinmatrix.co\/contact-us\/","url":"https:\/\/bitcoinmatrix.co\/contact-us\/","name":"Bize Ula\u015f\u0131n - Bitcoin Matrix","isPartOf":{"@id":"https:\/\/bitcoinmatrix.co\/#website"},"datePublished":"2024-05-27T16:58:01+00:00","dateModified":"2024-07-10T09:29:44+00:00","breadcrumb":{"@id":"https:\/\/bitcoinmatrix.co\/contact-us\/#breadcrumb"},"inLanguage":"tr","potentialAction":[{"@type":"ReadAction","target":["https:\/\/bitcoinmatrix.co\/contact-us\/"]}]},{"@type":"BreadcrumbList","@id":"https:\/\/bitcoinmatrix.co\/contact-us\/#breadcrumb","itemListElement":[{"@type":"ListItem","position":1,"name":"Home","item":"https:\/\/bitcoinmatrix.co\/"},{"@type":"ListItem","position":2,"name":"Bize Ula\u015f\u0131n"}]},{"@type":"WebSite","@id":"https:\/\/bitcoinmatrix.co\/#website","url":"https:\/\/bitcoinmatrix.co\/","name":"Bitcoin Matrix","description":"","potentialAction":[{"@type":"SearchAction","target":{"@type":"EntryPoint","urlTemplate":"https:\/\/bitcoinmatrix.co\/?s={search_term_string}"},"query-input":"required name=search_term_string"}],"inLanguage":"tr"}]}},"_links":{"self":[{"href":"https:\/\/bitcoinmatrix.co\/tr\/wp-json\/wp\/v2\/pages\/2094","targetHints":{"allow":["GET"]}}],"collection":[{"href":"https:\/\/bitcoinmatrix.co\/tr\/wp-json\/wp\/v2\/pages"}],"about":[{"href":"https:\/\/bitcoinmatrix.co\/tr\/wp-json\/wp\/v2\/types\/page"}],"author":[{"embeddable":true,"href":"https:\/\/bitcoinmatrix.co\/tr\/wp-json\/wp\/v2\/users\/2"}],"replies":[{"embeddable":true,"href":"https:\/\/bitcoinmatrix.co\/tr\/wp-json\/wp\/v2\/comments?post=2094"}],"version-history":[{"count":7,"href":"https:\/\/bitcoinmatrix.co\/tr\/wp-json\/wp\/v2\/pages\/2094\/revisions"}],"predecessor-version":[{"id":3113,"href":"https:\/\/bitcoinmatrix.co\/tr\/wp-json\/wp\/v2\/pages\/2094\/revisions\/3113"}],"wp:attachment":[{"href":"https:\/\/bitcoinmatrix.co\/tr\/wp-json\/wp\/v2\/media?parent=2094"}],"curies":[{"name":"wp","href":"https:\/\/api.w.org\/{rel}","templated":true}]}}